{"id":244,"date":"2016-11-23T10:54:01","date_gmt":"2016-11-23T15:54:01","guid":{"rendered":"https:\/\/inutero.ca\/?page_id=244&#038;lang=en"},"modified":"2016-11-23T10:54:01","modified_gmt":"2016-11-23T15:54:01","slug":"who-are-we","status":"publish","type":"page","link":"https:\/\/inutero.ca\/en\/who-are-we\/","title":{"rendered":"Who are we"},"content":{"rendered":"<h2 id=\"histoire\">NOTRE HISTOIRE &#8211; ENG<\/h2>\n<p>La recherche clinique en p\u00e9rinatalogie a litt\u00e9ralement explos\u00e9e au sein du D\u00e9partement d\u2019Obst\u00e9trique et Gyn\u00e9cologie de l\u2019Universit\u00e9 Laval suite \u00e0 l\u2019arriv\u00e9e du jeune chercheur-clinicien Emmanuel Bujold en 2006. Gr\u00e2ce \u00e0 lui, en dix ans, la recherche p\u00e9rinatale \u00e0 Qu\u00e9bec a cumul\u00e9e plus de 150 publications scientifiques et a permis la formation et la sp\u00e9cialisation de plus de 50 stagiaires, \u00e9tudiants gradu\u00e9s et r\u00e9sidents. Concr\u00e8tement, les d\u00e9couvertes de son unit\u00e9 de recherche ont permis de confirmer la possibilit\u00e9 d\u2019un traitement pr\u00e9ventif contre la pr\u00e9\u00e9clampsie, le d\u00e9veloppement d\u2019une m\u00e9thode d\u2019\u00e9valuation du risque de rupture ut\u00e9rine et le d\u00e9veloppement de marqueurs pr\u00e9coces de la pr\u00e9maturit\u00e9.<\/p>\n<h2 id=\"mission\">MISSION<\/h2>\n<p>Promouvoir la sant\u00e9 des femmes enceintes et des enfants \u00e0 na\u00eetre tout en agissant conform\u00e9ment \u00e0 nos valeurs et principes : Courtoisie, Rigueur et Excellence.<\/p>\n<h2 id=\"equipe\">EQUIPE DE RECHERCHE<\/h2>\n<p>L\u2019unit\u00e9 de recherche en p\u00e9rinatalit\u00e9 est compos\u00e9e d\u2019une \u00e9quipe pluridisciplinaire qui cumule 10 ans d\u2019exp\u00e9rience en recherche clinique, plus de 25 ans de pratique en Grossesse \u00e0 risque et plus de 25 ans \u00e9galement en \u00e9chographie obst\u00e9tricale. Des infirmi\u00e8res de recherche, des technologues en \u00e9chographie et des professionnels de recherche (Microbiologie, \u00c9pid\u00e9miologie, Reproduction) sont au c\u0153ur des activit\u00e9s de l\u2019unit\u00e9. S\u2019y ajoutent de nombreux collaborateurs de diverses disciplines (Obst\u00e9trique, P\u00e9diatrie, N\u00e9onatalogie, Sant\u00e9 des populations, \u00c9pid\u00e9miologie).<\/p>\n<h2 id=\"infrastructure\">INFRASTRUCTURE<\/h2>\n<p><img loading=\"lazy\" decoding=\"async\" class=\"alignnone size-medium\" src=\"http:\/\/www.currych.org\/wp\/wp-content\/uploads\/2015\/06\/MGMT_TEAM.jpg\" alt=\"\" width=\"3688\" height=\"2768\" \/><\/p>\n<p>En 2015, l\u2019\u00e9quipe de recherche GRAVIDA a mis en place une plateforme de recherche\u00a0permettant d\u2019offrir les services suivants aux \u00e9quipes de recherche locales ou externes. Le CHU\u00a0de Qu\u00e9bec est un centre tertiaire qui dessert une client\u00e8le provenant de toute la r\u00e9gion de l\u2019Est\u00a0du Qu\u00e9bec. C\u2019est donc plus de 8000 accouchements par ann\u00e9e et XXX suivis en grossesse \u00e0\u00a0risque par ann\u00e9e qui sont faits dans notre centre. Cette vaste client\u00e8le d\u00e9montre d\u2019un grand\u00a0int\u00e9r\u00eat \u00e0 participer \u00e0 nos recherches puisque c\u2019est plus de 20\u00a0000 femmes enceintes qui ont \u00e9t\u00e9\u00a0impliqu\u00e9es dans nos projets depuis 10 ans. Elles ont ainsi contribu\u00e9 \u00e0 la notori\u00e9t\u00e9 de notre\u00a0\u00e9quipe en les pla\u00e7ant aux premiers rangs des plus grands essais qu\u00e9b\u00e9cois et canadiens (PR\u00c9DICTION, 3D-IRNPQEO, FACT, CPN, MAG-CP).<\/p>\n<p>L\u2019\u00e9quipe peut compter sur une infrastructure compl\u00e8te pour mener \u00e0 bien ses projets\u00a0:<\/p>\n<ul>\n<li>plateforme d\u2019\u00e9chographie<\/li>\n<li>plateforme de traitement d\u2019\u00e9chantillons<\/li>\n<li>salles de consultations \u00e0 proximit\u00e9 des salles d\u2019accouchement et de la consultation externe en obst\u00e9trique et en g\u00e9n\u00e9tique pr\u00e9natale<\/li>\n<li>laboratoire d\u2019analyse mol\u00e9culaire (PCR, lecteur de plaques, hotte biologique)<\/li>\n<li>r\u00e9frig\u00e9rateur et cong\u00e9lateurs -20\u00b0C<\/li>\n<li>cong\u00e9lateurs -80\u00b0C reli\u00e9s en permanence au syst\u00e8me de s\u00e9curit\u00e9 de l\u2019h\u00f4pital avec surveillance de temp\u00e9rature quotidienne<\/li>\n<\/ul>\n<h2 id=\"biobanque\">BIOBANQUE<\/h2>\n<p>Depuis 2015, notre \u00e9quipe a \u00e9labor\u00e9 une banque de donn\u00e9es et d\u2019\u00e9chantillons biologiques pour\u00a0\u00e9tudier diff\u00e9rentes complications de grossesse (maternelles et f\u0153tales). C\u2019est pr\u00e8s de 2000\u00a0femmes enceintes par ann\u00e9e qui participent \u00e0 cette biobanque qui contient du sang maternel,\u00a0de l\u2019urine maternelle, des donn\u00e9es \u00e9chographiques (Doppler des art\u00e8res ut\u00e9rines, volume\u00a0placentaire, \u00e9paisseur du placenta\u2026) et des donn\u00e9es cliniques (\u00e2ge maternel, tension art\u00e9rielle,\u00a0IMC, \u2026). Cette biobanque est disponible pour la conduite d\u2019\u00e9tudes scientifiques approuv\u00e9es par\u00a0un comit\u00e9 d\u2019\u00e9thique afin de mieux comprendre et pr\u00e9venir les complications telles que la\u00a0pr\u00e9\u00e9clampsie, la pr\u00e9maturit\u00e9, le retard de croissance, les anomalies f\u0153tales, etc.<\/p>\n","protected":false},"excerpt":{"rendered":"<p>NOTRE HISTOIRE &#8211; ENG La recherche clinique en p\u00e9rinatalogie a litt\u00e9ralement explos\u00e9e au sein du D\u00e9partement d\u2019Obst\u00e9trique et Gyn\u00e9cologie de l\u2019Universit\u00e9 Laval suite \u00e0 l\u2019arriv\u00e9e du jeune chercheur-clinicien Emmanuel Bujold en 2006. Gr\u00e2ce \u00e0 lui, en dix ans, la recherche p\u00e9rinatale \u00e0 Qu\u00e9bec a cumul\u00e9e plus de 150 publications scientifiques et a permis la formation [&hellip;]<\/p>\n","protected":false},"author":1,"featured_media":0,"parent":0,"menu_order":0,"comment_status":"closed","ping_status":"closed","template":"template_qui_sommes_nous.php","meta":{"_acf_changed":false,"footnotes":""},"acf":[],"yoast_head":"<!-- This site is optimized with the Yoast SEO plugin v23.0 - https:\/\/yoast.com\/wordpress\/plugins\/seo\/ -->\n<title>Who are we &#183; Inutero<\/title>\n<meta name=\"robots\" content=\"noindex, follow, max-snippet:-1, max-image-preview:large, max-video-preview:-1\" \/>\n<meta property=\"og:locale\" content=\"en_US\" \/>\n<meta property=\"og:type\" content=\"article\" \/>\n<meta property=\"og:title\" content=\"Who are we &#183; Inutero\" \/>\n<meta property=\"og:description\" content=\"NOTRE HISTOIRE &#8211; ENG La recherche clinique en p\u00e9rinatalogie a litt\u00e9ralement explos\u00e9e au sein du D\u00e9partement d\u2019Obst\u00e9trique et Gyn\u00e9cologie de l\u2019Universit\u00e9 Laval suite \u00e0 l\u2019arriv\u00e9e du jeune chercheur-clinicien Emmanuel Bujold en 2006. Gr\u00e2ce \u00e0 lui, en dix ans, la recherche p\u00e9rinatale \u00e0 Qu\u00e9bec a cumul\u00e9e plus de 150 publications scientifiques et a permis la formation [&hellip;]\" \/>\n<meta property=\"og:url\" content=\"https:\/\/inutero.ca\/en\/who-are-we\/\" \/>\n<meta property=\"og:site_name\" content=\"Inutero\" \/>\n<meta property=\"og:image\" content=\"http:\/\/www.currych.org\/wp\/wp-content\/uploads\/2015\/06\/MGMT_TEAM.jpg\" \/>\n<meta name=\"twitter:card\" content=\"summary_large_image\" \/>\n<meta name=\"twitter:label1\" content=\"Est. reading time\" \/>\n\t<meta name=\"twitter:data1\" content=\"3 minutes\" \/>\n<script type=\"application\/ld+json\" class=\"yoast-schema-graph\">{\"@context\":\"https:\/\/schema.org\",\"@graph\":[{\"@type\":\"WebPage\",\"@id\":\"https:\/\/inutero.ca\/en\/who-are-we\/\",\"url\":\"https:\/\/inutero.ca\/en\/who-are-we\/\",\"name\":\"Who are we &#183; Inutero\",\"isPartOf\":{\"@id\":\"https:\/\/inutero.ca\/#website\"},\"primaryImageOfPage\":{\"@id\":\"https:\/\/inutero.ca\/en\/who-are-we\/#primaryimage\"},\"image\":{\"@id\":\"https:\/\/inutero.ca\/en\/who-are-we\/#primaryimage\"},\"thumbnailUrl\":\"http:\/\/www.currych.org\/wp\/wp-content\/uploads\/2015\/06\/MGMT_TEAM.jpg\",\"datePublished\":\"2016-11-23T15:54:01+00:00\",\"dateModified\":\"2016-11-23T15:54:01+00:00\",\"breadcrumb\":{\"@id\":\"https:\/\/inutero.ca\/en\/who-are-we\/#breadcrumb\"},\"inLanguage\":\"en-US\",\"potentialAction\":[{\"@type\":\"ReadAction\",\"target\":[\"https:\/\/inutero.ca\/en\/who-are-we\/\"]}]},{\"@type\":\"ImageObject\",\"inLanguage\":\"en-US\",\"@id\":\"https:\/\/inutero.ca\/en\/who-are-we\/#primaryimage\",\"url\":\"http:\/\/www.currych.org\/wp\/wp-content\/uploads\/2015\/06\/MGMT_TEAM.jpg\",\"contentUrl\":\"http:\/\/www.currych.org\/wp\/wp-content\/uploads\/2015\/06\/MGMT_TEAM.jpg\"},{\"@type\":\"BreadcrumbList\",\"@id\":\"https:\/\/inutero.ca\/en\/who-are-we\/#breadcrumb\",\"itemListElement\":[{\"@type\":\"ListItem\",\"position\":1,\"name\":\"Accueil\",\"item\":\"https:\/\/inutero.ca\/en\/\"},{\"@type\":\"ListItem\",\"position\":2,\"name\":\"Who are we\"}]},{\"@type\":\"WebSite\",\"@id\":\"https:\/\/inutero.ca\/#website\",\"url\":\"https:\/\/inutero.ca\/\",\"name\":\"Inutero\",\"description\":\"\",\"potentialAction\":[{\"@type\":\"SearchAction\",\"target\":{\"@type\":\"EntryPoint\",\"urlTemplate\":\"https:\/\/inutero.ca\/?s={search_term_string}\"},\"query-input\":\"required name=search_term_string\"}],\"inLanguage\":\"en-US\"}]}<\/script>\n<!-- \/ Yoast SEO plugin. -->","yoast_head_json":{"title":"Who are we &#183; Inutero","robots":{"index":"noindex","follow":"follow","max-snippet":"max-snippet:-1","max-image-preview":"max-image-preview:large","max-video-preview":"max-video-preview:-1"},"og_locale":"en_US","og_type":"article","og_title":"Who are we &#183; Inutero","og_description":"NOTRE HISTOIRE &#8211; ENG La recherche clinique en p\u00e9rinatalogie a litt\u00e9ralement explos\u00e9e au sein du D\u00e9partement d\u2019Obst\u00e9trique et Gyn\u00e9cologie de l\u2019Universit\u00e9 Laval suite \u00e0 l\u2019arriv\u00e9e du jeune chercheur-clinicien Emmanuel Bujold en 2006. Gr\u00e2ce \u00e0 lui, en dix ans, la recherche p\u00e9rinatale \u00e0 Qu\u00e9bec a cumul\u00e9e plus de 150 publications scientifiques et a permis la formation [&hellip;]","og_url":"https:\/\/inutero.ca\/en\/who-are-we\/","og_site_name":"Inutero","og_image":[{"url":"http:\/\/www.currych.org\/wp\/wp-content\/uploads\/2015\/06\/MGMT_TEAM.jpg"}],"twitter_card":"summary_large_image","twitter_misc":{"Est. reading time":"3 minutes"},"schema":{"@context":"https:\/\/schema.org","@graph":[{"@type":"WebPage","@id":"https:\/\/inutero.ca\/en\/who-are-we\/","url":"https:\/\/inutero.ca\/en\/who-are-we\/","name":"Who are we &#183; Inutero","isPartOf":{"@id":"https:\/\/inutero.ca\/#website"},"primaryImageOfPage":{"@id":"https:\/\/inutero.ca\/en\/who-are-we\/#primaryimage"},"image":{"@id":"https:\/\/inutero.ca\/en\/who-are-we\/#primaryimage"},"thumbnailUrl":"http:\/\/www.currych.org\/wp\/wp-content\/uploads\/2015\/06\/MGMT_TEAM.jpg","datePublished":"2016-11-23T15:54:01+00:00","dateModified":"2016-11-23T15:54:01+00:00","breadcrumb":{"@id":"https:\/\/inutero.ca\/en\/who-are-we\/#breadcrumb"},"inLanguage":"en-US","potentialAction":[{"@type":"ReadAction","target":["https:\/\/inutero.ca\/en\/who-are-we\/"]}]},{"@type":"ImageObject","inLanguage":"en-US","@id":"https:\/\/inutero.ca\/en\/who-are-we\/#primaryimage","url":"http:\/\/www.currych.org\/wp\/wp-content\/uploads\/2015\/06\/MGMT_TEAM.jpg","contentUrl":"http:\/\/www.currych.org\/wp\/wp-content\/uploads\/2015\/06\/MGMT_TEAM.jpg"},{"@type":"BreadcrumbList","@id":"https:\/\/inutero.ca\/en\/who-are-we\/#breadcrumb","itemListElement":[{"@type":"ListItem","position":1,"name":"Accueil","item":"https:\/\/inutero.ca\/en\/"},{"@type":"ListItem","position":2,"name":"Who are we"}]},{"@type":"WebSite","@id":"https:\/\/inutero.ca\/#website","url":"https:\/\/inutero.ca\/","name":"Inutero","description":"","potentialAction":[{"@type":"SearchAction","target":{"@type":"EntryPoint","urlTemplate":"https:\/\/inutero.ca\/?s={search_term_string}"},"query-input":"required name=search_term_string"}],"inLanguage":"en-US"}]}},"_links":{"self":[{"href":"https:\/\/inutero.ca\/en\/wp-json\/wp\/v2\/pages\/244"}],"collection":[{"href":"https:\/\/inutero.ca\/en\/wp-json\/wp\/v2\/pages"}],"about":[{"href":"https:\/\/inutero.ca\/en\/wp-json\/wp\/v2\/types\/page"}],"author":[{"embeddable":true,"href":"https:\/\/inutero.ca\/en\/wp-json\/wp\/v2\/users\/1"}],"replies":[{"embeddable":true,"href":"https:\/\/inutero.ca\/en\/wp-json\/wp\/v2\/comments?post=244"}],"version-history":[{"count":1,"href":"https:\/\/inutero.ca\/en\/wp-json\/wp\/v2\/pages\/244\/revisions"}],"predecessor-version":[{"id":245,"href":"https:\/\/inutero.ca\/en\/wp-json\/wp\/v2\/pages\/244\/revisions\/245"}],"wp:attachment":[{"href":"https:\/\/inutero.ca\/en\/wp-json\/wp\/v2\/media?parent=244"}],"curies":[{"name":"wp","href":"https:\/\/api.w.org\/{rel}","templated":true}]}}